{"id":457,"date":"2017-06-09T14:24:46","date_gmt":"2017-06-09T14:24:46","guid":{"rendered":"https:\/\/victorthemes.com\/themes\/roof\/?page_id=457"},"modified":"2018-04-18T00:17:24","modified_gmt":"2018-04-17T22:17:24","slug":"primes_region_wallonne","status":"publish","type":"page","link":"https:\/\/www.home-isolation.be\/index.php\/primes_region_wallonne\/","title":{"rendered":"Prime de la r\u00e9gion Wallonne"},"content":{"rendered":"<p>[vc_row][vc_column]<div class=\"roof-questions  collapse-others\"><div class=\"accordion\" id=\"accordion-les-primes-sadressent-elles-a-vous0\" role=\"tablist\" aria-multiselectable=\"true\"><div class=\"panel panel-default\"><div class=\"panel-heading in\"><h4 class=\"panel-title\"><a href=\"#69d22198b0bea-0\" class=\"panel-title accordion-toggle\"  data-toggle=\"collapse\"><strong>Les primes s'adressent-elles \u00e0 vous?<\/strong><\/a><\/h4><\/div><div id=\"69d22198b0bea-0\" class=\"panel-collapse collapse in\"><div class=\"panel-content\">[vc_column_text]<\/p>\n<ul>\n<li>Vous \u00eates \u00e2g\u00e9 de 18 ans au moins au mineur \u00e9mancip\u00e9 ;<\/li>\n<li>Vous avez un droit r\u00e9el sur le logement dans lequel vous comptez effectuer vos travaux (vous \u00eates propri\u00e9taire, usufruitier, nu-propri\u00e9taire,&#8230;) ;<\/li>\n<li>Votre m\u00e9nage dispose de revenus imposables globalement <strong>inf\u00e9rieurs ou \u00e9gaux \u00e0 93000\u20ac<\/strong>;<\/li>\n<li>Vous vous engagez \u00e0 remplir au plus tard\u00a0 dans les 12 mois prenant cours \u00e0 la date du versement de la prime, l&rsquo;une des conditions suivantes :\n<ol>\n<li>occuper le logement \u00e0 titre de r\u00e9sidence principale pendant une dur\u00e9e minimale de 5 ans.<\/li>\n<li>mettre le logement\u00a0 \u00e0 la disposition\u00a0 d&rsquo;une agence immobili\u00e8re sociale (AIS), d&rsquo;une soci\u00e9t\u00e9 de logement\u00a0 de service public (SLSP), ou tout autre organisme d\u00e9sign\u00e9 par le Ministre pour une dur\u00e9e de 6 ans ;<\/li>\n<li>mettre gratuitement et \u00e0 titre de r\u00e9sidence principale, la totalit\u00e9 du logement \u00e0 la disposition d&rsquo;un parent ou alli\u00e9 jusqu&rsquo;au deuxi\u00e8me degr\u00e9 inclu pendant une dur\u00e9e minimal d&rsquo;un an ;<\/li>\n<\/ol>\n<\/li>\n<li>Vous vous engagez \u00e0 accepter les visites de contr\u00f4le de l&rsquo;administration.<\/li>\n<\/ul>\n<p>[\/vc_column_text]<\/div><\/div><\/div><\/div><div class=\"accordion\" id=\"accordion-votre-logement-est-il-concerne-par-les-primes1\" role=\"tablist\" aria-multiselectable=\"true\"><div class=\"panel panel-default\"><div class=\"panel-heading\"><h4 class=\"panel-title\"><a href=\"#69d22198b0bea-1\" class=\"panel-title accordion-toggle\"  data-toggle=\"collapse\"><strong>Votre logement est-il concern\u00e9 par les primes?<\/strong><\/a><\/h4><\/div><div id=\"69d22198b0bea-1\" class=\"panel-collapse collapse\"><div class=\"panel-content\">[vc_column_text]<\/p>\n<ul>\n<li>Votre logement est situ\u00e9 en Wallonie;<\/li>\n<li>Votre logement a connu une premi\u00e8re occupation en tant que logement\u00a0 il y a au moins 20 ans;<\/li>\n<li>Pour l&rsquo;obtention des <strong>primes r\u00e9novation<\/strong>, votre logement devra \u00eatre <strong>reconnu am\u00e9liorable <\/strong>par un estimateur public (gratuit) lors d&rsquo;une visite pr\u00e9alable. Cette visite n&rsquo;est pas requise pour l&rsquo;obtention des primes \u00e9nergie.<\/li>\n<\/ul>\n<p>[\/vc_column_text]<\/div><\/div><\/div><\/div><div class=\"accordion\" id=\"accordion-quel-est-le-montant-de-la-prime-pour-lisolation-de-votre-toiture2\" role=\"tablist\" aria-multiselectable=\"true\"><div class=\"panel panel-default\"><div class=\"panel-heading\"><h4 class=\"panel-title\"><a href=\"#69d22198b0bea-2\" class=\"panel-title accordion-toggle\"  data-toggle=\"collapse\"><strong>Quel est le montant de la prime pour l'isolation de votre toiture?<\/strong><\/a><\/h4><\/div><div id=\"69d22198b0bea-2\" class=\"panel-collapse collapse\"><div class=\"panel-content\">[vc_column_text]<\/p>\n<p class=\"aligneJustifie\">Pour obtenir la prime, l&rsquo;isolant utilis\u00e9 doit avoir un coefficient de resistance thermique sup\u00e9rieur ou \u00e9gale \u00e0\u00a04,5 m<sup>2<\/sup>\u00a0K\/W.<\/p>\n<p>2 cas sont alors possible :<\/p>\n<ol>\n<li>Le demandeur effectue lui-m\u00eame les travaux : 6\u20ac\/m<sup>2<\/sup><span style=\"font-size: 13.3333px;\">\u00a0;<\/span><\/li>\n<li>l&rsquo;isolation est effectu\u00e9e par un entrepreneur specialis\u00e9 : 15\u20ac\/m<sup>2<\/sup>.<sup>\u00a0<\/sup><\/li>\n<\/ol>\n<p>Remarques :<\/p>\n<ul>\n<li>le montant total de la prime est limit\u00e9 \u00e0 l&rsquo;isolation d&rsquo;une surface maximale de 150 m<sup>2<\/sup><strong>\u00a0;<\/strong><\/li>\n<li>\n<p class=\"aligneJustifie\">le montant de la prime ne peut en aucun cas exc\u00e9der 70 % du montant de la facture TVAC.<\/p>\n<\/li>\n<\/ul>\n<p>[\/vc_column_text]<\/div><\/div><\/div><\/div><div class=\"accordion\" id=\"accordion-points-dattention3\" role=\"tablist\" aria-multiselectable=\"true\"><div class=\"panel panel-default\"><div class=\"panel-heading\"><h4 class=\"panel-title\"><a href=\"#69d22198b0bea-3\" class=\"panel-title accordion-toggle\"  data-toggle=\"collapse\"><strong>Points d'attention ?<\/strong><\/a><\/h4><\/div><div id=\"69d22198b0bea-3\" class=\"panel-collapse collapse\"><div class=\"panel-content\">[vc_column_text]<\/p>\n<div id=\"content-zone-points-of-attention\" class=\"blockBody\">\n<div class=\"data\">\n<ul>\n<li>\n<p class=\"aligneJustifie\"><strong>Pr\u00e9alablement<\/strong>\u00a0\u00e0 la r\u00e9alisation des travaux, vous devez\u00a0<strong>obligatoirement<\/strong>\u00a0envoyer le formulaire \u00ab\u00a0Avertissement pr\u00e9alable\u00a0\u00bb \u00e0 la r\u00e9gion Wallonne.<\/p>\n<\/li>\n<li>\n<p class=\"aligneJustifie\">Les travaux devront \u00eatre r\u00e9alis\u00e9s dans les deux ans \u00e0 partir de la r\u00e9ception de l&rsquo;avertissement pr\u00e9alable par l&rsquo;administration.<\/p>\n<\/li>\n<li>\n<p class=\"aligneJustifie\" style=\"text-align: left;\">Votre logement doit avoir connu une premi\u00e8re occupation en tant que logement il y a 20 ans minimum.<\/p>\n<\/li>\n<\/ul>\n<\/div>\n<\/div>\n<p>[\/vc_column_text]<\/div><\/div><\/div><\/div><\/div>[\/vc_column][\/vc_row]<\/p>\n","protected":false},"excerpt":{"rendered":"[vc_row][vc_column][\/vc_column][\/vc_row]","protected":false},"author":2,"featured_media":0,"parent":0,"menu_order":0,"comment_status":"closed","ping_status":"closed","template":"","meta":{"footnotes":""},"class_list":["post-457","page","type-page","status-publish","hentry"],"aioseo_notices":[],"_links":{"self":[{"href":"https:\/\/www.home-isolation.be\/index.php\/wp-json\/wp\/v2\/pages\/457"}],"collection":[{"href":"https:\/\/www.home-isolation.be\/index.php\/wp-json\/wp\/v2\/pages"}],"about":[{"href":"https:\/\/www.home-isolation.be\/index.php\/wp-json\/wp\/v2\/types\/page"}],"author":[{"embeddable":true,"href":"https:\/\/www.home-isolation.be\/index.php\/wp-json\/wp\/v2\/users\/2"}],"replies":[{"embeddable":true,"href":"https:\/\/www.home-isolation.be\/index.php\/wp-json\/wp\/v2\/comments?post=457"}],"version-history":[{"count":8,"href":"https:\/\/www.home-isolation.be\/index.php\/wp-json\/wp\/v2\/pages\/457\/revisions"}],"predecessor-version":[{"id":2185,"href":"https:\/\/www.home-isolation.be\/index.php\/wp-json\/wp\/v2\/pages\/457\/revisions\/2185"}],"wp:attachment":[{"href":"https:\/\/www.home-isolation.be\/index.php\/wp-json\/wp\/v2\/media?parent=457"}],"curies":[{"name":"wp","href":"https:\/\/api.w.org\/{rel}","templated":true}]}}