{"id":301,"date":"2017-06-09T07:52:41","date_gmt":"2017-06-09T07:52:41","guid":{"rendered":"https:\/\/victorthemes.com\/themes\/roof\/?page_id=301"},"modified":"2024-11-11T00:10:43","modified_gmt":"2024-11-10T23:10:43","slug":"a_propos","status":"publish","type":"page","link":"https:\/\/www.home-isolation.be\/index.php\/a_propos\/","title":{"rendered":"A propos de nous"},"content":{"rendered":"<p>[vc_row][vc_column]<div class=\"about-wrap about-one about-69d4bd922b842 \"><div class=\"roof-picture\"><img decoding=\"async\" src=\"https:\/\/www.home-isolation.be\/wp-content\/uploads\/2017\/01\/service-one-1.jpg\" alt=\"Author\"><\/div><div class=\"about-info \"><h3>Entreprise sp\u00e9cialis\u00e9e en toiture, bardage et isolation.<\/h3><a href=\"https:\/\/home-isolation.be\/index.php\/contact\/\" class=\"roof-btn\">Nous contacter<\/a><\/div><\/div>[vc_column_text css=\u00a0\u00bb.vc_custom_1523690486696{margin-top: 25px !important;margin-bottom: 25px !important;}\u00a0\u00bb]Cr\u00e9\u00e9e en septembre 2015, Home Isolation SRL est une soci\u00e9t\u00e9 de construction sp\u00e9cialis\u00e9e en toiture et \u00e9tanch\u00e9it\u00e9. Elle est le fruit d&rsquo;une association de 2 couvreurs passionn\u00e9s avec plus de 30 ans d&rsquo;exp\u00e9rience cumul\u00e9e. Vous b\u00e9n\u00e9ficiez donc d&rsquo;une exp\u00e9rtise compl\u00e8te pour r\u00e9pondre \u00e0 vos attentes.[\/vc_column_text][\/vc_column][\/vc_row][vc_row][vc_column css=\u00a0\u00bb.vc_custom_1497435133918{padding-top: 0px !important;padding-bottom: 0px !important;}\u00a0\u00bb][vc_separator][\/vc_column][\/vc_row][vc_row overlay_dotted=\u00a0\u00bb\u00a0\u00bb][vc_column width=\u00a0\u00bb1\/2&Prime;][vc_custom_heading text=\u00a0\u00bbPourquoi nous choisir ?\u00a0\u00bb font_container=\u00a0\u00bbtag:h2|text_align:left|color:%23232323&Prime; google_fonts=\u00a0\u00bbfont_family:Raleway%3A100%2C200%2C300%2Cregular%2C500%2C600%2C700%2C800%2C900|font_style:700%20bold%20regular%3A700%3Anormal\u00a0\u00bb][vc_custom_heading text=\u00a0\u00bbCr\u00e9\u00e9e en septembre 2015, Home Isolation SRL est une soci\u00e9t\u00e9 de construction sp\u00e9cialis\u00e9e en toiture et \u00e9tanch\u00e9it\u00e9. Elle est le fruit d&rsquo;une association de 2 couvreurs passionn\u00e9s avec plus de 30 ans d&rsquo;exp\u00e9rience cumul\u00e9e. Vous b\u00e9n\u00e9ficiez donc d&rsquo;une exp\u00e9rtise compl\u00e8te pour r\u00e9pondre \u00e0 vos attentes.\u00a0\u00bb font_container=\u00a0\u00bbtag:p|text_align:left|color:%23888888&Prime; google_fonts=\u00a0\u00bbfont_family:Open%20Sans%3A300%2C300italic%2Cregular%2Citalic%2C600%2C600italic%2C700%2C700italic%2C800%2C800italic|font_style:400%20regular%3A400%3Anormal\u00a0\u00bb][\/vc_column][vc_column width=\u00a0\u00bb1\/2&Prime;][vc_custom_heading text=\u00a0\u00bbNos engagements\u00a0\u00bb font_container=\u00a0\u00bbtag:h2|text_align:left|color:%23232323&Prime; google_fonts=\u00a0\u00bbfont_family:Raleway%3A100%2C200%2C300%2Cregular%2C500%2C600%2C700%2C800%2C900|font_style:700%20bold%20regular%3A700%3Anormal\u00a0\u00bb]<div class=\"roof-questions  collapse-others\"><div class=\"accordion\" id=\"accordion-disponibilite0\" role=\"tablist\" aria-multiselectable=\"true\"><div class=\"panel panel-default\"><div class=\"panel-heading in\"><h4 class=\"panel-title\"><a href=\"#69d4bd922bc07-0\" class=\"panel-title accordion-toggle\"  data-toggle=\"collapse\"><strong>Disponibilit\u00e9<\/strong><\/a><\/h4><\/div><div id=\"69d4bd922bc07-0\" class=\"panel-collapse collapse in\"><div class=\"panel-content\">[vc_custom_heading text=\u00a0\u00bbLes membres de notre \u00e9quipe, chacun sp\u00e9cialis\u00e9s dans leur secteur d\u2019activit\u00e9, sont \u00e0 votre \u00e9coute afin de trouver une solution personnalis\u00e9e \u00e0 vos attentes. \u00a0\u00bb font_container=\u00a0\u00bbtag:p|text_align:left|color:%23888888&Prime; google_fonts=\u00a0\u00bbfont_family:Open%20Sans%3A300%2C300italic%2Cregular%2Citalic%2C600%2C600italic%2C700%2C700italic%2C800%2C800italic|font_style:400%20regular%3A400%3Anormal\u00a0\u00bb]<\/div><\/div><\/div><\/div><div class=\"accordion\" id=\"accordion-professionnalisme1\" role=\"tablist\" aria-multiselectable=\"true\"><div class=\"panel panel-default\"><div class=\"panel-heading\"><h4 class=\"panel-title\"><a href=\"#69d4bd922bc07-1\" class=\"panel-title accordion-toggle\"  data-toggle=\"collapse\"><strong>Professionnalisme<\/strong><\/a><\/h4><\/div><div id=\"69d4bd922bc07-1\" class=\"panel-collapse collapse\"><div class=\"panel-content\">[vc_custom_heading text=\u00a0\u00bbNous s\u00e9lectionnons pour vous les fournisseurs les plus comp\u00e9titifs, au niveau de la qualit\u00e9, de la performance \u00e9nerg\u00e9tique mais aussi de l\u2019impact environnemental. Notre ambition est de satisfaire \u00e0 vos exigences en terme de co\u00fbts et de d\u00e9lais.\u00a0\u00bb font_container=\u00a0\u00bbtag:p|text_align:left|color:%23888888&Prime; google_fonts=\u00a0\u00bbfont_family:Open%20Sans%3A300%2C300italic%2Cregular%2Citalic%2C600%2C600italic%2C700%2C700italic%2C800%2C800italic|font_style:400%20regular%3A400%3Anormal\u00a0\u00bb]<\/div><\/div><\/div><\/div><div class=\"accordion\" id=\"accordion-engagement-de-qualite2\" role=\"tablist\" aria-multiselectable=\"true\"><div class=\"panel panel-default\"><div class=\"panel-heading\"><h4 class=\"panel-title\"><a href=\"#69d4bd922bc07-2\" class=\"panel-title accordion-toggle\"  data-toggle=\"collapse\"><strong>Engagement de qualit\u00e9<\/strong><\/a><\/h4><\/div><div id=\"69d4bd922bc07-2\" class=\"panel-collapse collapse\"><div class=\"panel-content\">[vc_custom_heading text=\u00a0\u00bbNotre soci\u00e9t\u00e9 s\u2019efforce de proposer \u00e0 ses clients un service de qualit\u00e9s sup\u00e9rieures avec un engagement de respect des nouvelles normes en mati\u00e8re d\u2019isolation des nouveaux b\u00e2timents pour les nouvelles constructions et un engagement de qualit\u00e9 au niveau de l\u2019isolation thermique pour votre bien \u00e0 r\u00e9nover.\u00a0\u00bb font_container=\u00a0\u00bbtag:p|text_align:left|color:%23888888&Prime; google_fonts=\u00a0\u00bbfont_family:Open%20Sans%3A300%2C300italic%2Cregular%2Citalic%2C600%2C600italic%2C700%2C700italic%2C800%2C800italic|font_style:400%20regular%3A400%3Anormal\u00a0\u00bb]<\/div><\/div><\/div><\/div><\/div>[\/vc_column][\/vc_row]<\/p>\n","protected":false},"excerpt":{"rendered":"[vc_row][vc_column][vc_column_text css=\u00a0\u00bb.vc_custom_1523690486696{margin-top: 25px !important;margin-bottom: 25px !important;}\u00a0\u00bb]Cr\u00e9\u00e9e en septembre 2015, Home Isolation SRL est une soci\u00e9t\u00e9 de construction sp\u00e9cialis\u00e9e en toiture et \u00e9tanch\u00e9it\u00e9. Elle est le fruit d&rsquo;une association de 2 couvreurs passionn\u00e9s avec plus de 30 ans d&rsquo;exp\u00e9rience cumul\u00e9e. Vous b\u00e9n\u00e9ficiez donc d&rsquo;une exp\u00e9rtise compl\u00e8te pour r\u00e9pondre \u00e0 vos attentes.[\/vc_column_text][\/vc_column][\/vc_row][vc_row][vc_column css=\u00a0\u00bb.vc_custom_1497435133918{padding-top: 0px !important;padding-bottom: 0px !important;}\u00a0\u00bb][vc_separator][\/vc_column][\/vc_row][vc_row[&#8230;]","protected":false},"author":2,"featured_media":0,"parent":0,"menu_order":0,"comment_status":"closed","ping_status":"closed","template":"","meta":{"footnotes":""},"class_list":["post-301","page","type-page","status-publish","hentry"],"aioseo_notices":[],"_links":{"self":[{"href":"https:\/\/www.home-isolation.be\/index.php\/wp-json\/wp\/v2\/pages\/301"}],"collection":[{"href":"https:\/\/www.home-isolation.be\/index.php\/wp-json\/wp\/v2\/pages"}],"about":[{"href":"https:\/\/www.home-isolation.be\/index.php\/wp-json\/wp\/v2\/types\/page"}],"author":[{"embeddable":true,"href":"https:\/\/www.home-isolation.be\/index.php\/wp-json\/wp\/v2\/users\/2"}],"replies":[{"embeddable":true,"href":"https:\/\/www.home-isolation.be\/index.php\/wp-json\/wp\/v2\/comments?post=301"}],"version-history":[{"count":9,"href":"https:\/\/www.home-isolation.be\/index.php\/wp-json\/wp\/v2\/pages\/301\/revisions"}],"predecessor-version":[{"id":2346,"href":"https:\/\/www.home-isolation.be\/index.php\/wp-json\/wp\/v2\/pages\/301\/revisions\/2346"}],"wp:attachment":[{"href":"https:\/\/www.home-isolation.be\/index.php\/wp-json\/wp\/v2\/media?parent=301"}],"curies":[{"name":"wp","href":"https:\/\/api.w.org\/{rel}","templated":true}]}}