{"id":217,"date":"2017-06-08T14:26:36","date_gmt":"2017-06-08T14:26:36","guid":{"rendered":"https:\/\/victorthemes.com\/themes\/roof\/?page_id=217"},"modified":"2024-11-10T23:10:08","modified_gmt":"2024-11-10T22:10:08","slug":"home-page-v3","status":"publish","type":"page","link":"https:\/\/www.home-isolation.be\/","title":{"rendered":"Page d&rsquo;acceuil"},"content":{"rendered":"<p>[vc_row full_width=\u00a0\u00bbstretch_row_content_no_spaces\u00a0\u00bb overlay_dotted=\u00a0\u00bb\u00a0\u00bb][vc_column][rev_slider_vc alias=\u00a0\u00bbslider-three\u00a0\u00bb]<div class=\"roof-consult \"><div class=\"container\"><div class=\"pull-left \" ><p>A la recherche d&rsquo;une \u00e9quipe consciencieuse et \u00e0 votre \u00e9coute?<\/p>\n<\/div><div class=\"pull-right  roof-btn-69d4d2c4729bd \"><a href=\"https:\/\/home-isolation.be\/index.php\/contact\/\"  target=\"_blank\" class=\"roof-btn \"><i class=\"fa fa-commenting-o\"><\/i>Devis gratuit<\/a><\/div><\/div><\/div>[\/vc_column][\/vc_row][vc_row][vc_column text_alignment=\u00a0\u00bbtext-center\u00a0\u00bb][vc_custom_heading text=\u00a0\u00bbNos Services\u00a0\u00bb font_container=\u00a0\u00bbtag:h2|font_size:30|text_align:center|color:%23000000|line_height:4&Prime; google_fonts=\u00a0\u00bbfont_family:Raleway%3A100%2C200%2C300%2Cregular%2C500%2C600%2C700%2C800%2C900|font_style:700%20bold%20regular%3A700%3Anormal\u00a0\u00bb][\/vc_column][\/vc_row][vc_row][vc_column width=\u00a0\u00bb1\/3&Prime;]<div class=\"roof-services  services-69d4d2c472a31 services-style-three \"><div class=\"service-item\"><div class=\"roof-icon\"><img decoding=\"async\" src=\"https:\/\/www.home-isolation.be\/wp-content\/uploads\/2018\/04\/couverture-accueil.png\" alt=\"\"><\/div><div class=\"service-info\"><h5 class=\"service-title\"><a href=\"https:\/\/home-isolation.be\/index.php\/toiture\/\" target=\"_blank\">Toiture<\/a><\/h5><p>Votre protection contre les intemp\u00e9ries et l&rsquo;humidit\u00e9.<\/p>\n<div class=\"read-more\"><a href=\"https:\/\/home-isolation.be\/index.php\/toiture\/\" target=\"_blank\">Lire plus<\/a><\/div><\/div><\/div><\/div>[\/vc_column][vc_column width=\u00a0\u00bb1\/3&Prime;]<div class=\"roof-services  services-69d4d2c472f4a services-style-three \"><div class=\"service-item\"><div class=\"roof-icon\"><img decoding=\"async\" src=\"https:\/\/www.home-isolation.be\/wp-content\/uploads\/2018\/04\/bardage-accueil-01.png\" alt=\"\"><\/div><div class=\"service-info\"><h5 class=\"service-title\"><a href=\"https:\/\/home-isolation.be\/index.php\/bardage\/\" target=\"_blank\">Bardage<\/a><\/h5><p>Donnez vie \u00e0 votre fa\u00e7ade!<\/p>\n<div class=\"read-more\"><a href=\"https:\/\/home-isolation.be\/index.php\/bardage\/\" target=\"_blank\">Lire plus<\/a><\/div><\/div><\/div><\/div>[\/vc_column][vc_column width=\u00a0\u00bb1\/3&Prime;]<div class=\"roof-services  services-69d4d2c4733fd services-style-three \"><div class=\"service-item\"><div class=\"roof-icon\"><img decoding=\"async\" src=\"https:\/\/www.home-isolation.be\/wp-content\/uploads\/2018\/04\/Isolation-accueil-01.png\" alt=\"\"><\/div><div class=\"service-info\"><h5 class=\"service-title\"><a href=\"https:\/\/home-isolation.be\/index.php\/isolation\/\" target=\"_blank\">Isolation<\/a><\/h5><p>Un impact \u00e9conomique et \u00e9cologique<\/p>\n<div class=\"read-more\"><a href=\"https:\/\/home-isolation.be\/index.php\/isolation\/ \" target=\"_blank\">Lire plus<\/a><\/div><\/div><\/div><\/div>[\/vc_column][\/vc_row][vc_row full_width=\u00a0\u00bbstretch_row_content_no_spaces\u00a0\u00bb overlay_dotted=\u00a0\u00bb\u00a0\u00bb css=\u00a0\u00bb.vc_custom_1498111303974{padding-top: 70px !important;padding-bottom: 40px !important;background-color: #2a2f35 !important;}\u00a0\u00bb][vc_column css=\u00a0\u00bb.vc_custom_1525041626350{padding-top: 0px !important;padding-bottom: 0px !important;}\u00a0\u00bb][vc_custom_heading text=\u00a0\u00bbNos r\u00e9alisations\u00a0\u00bb font_container=\u00a0\u00bbtag:h2|font_size:30px|text_align:center|color:%23ffffff\u00a0\u00bb google_fonts=\u00a0\u00bbfont_family:Raleway%3A100%2C200%2C300%2Cregular%2C500%2C600%2C700%2C800%2C900|font_style:700%20bold%20regular%3A700%3Anormal\u00a0\u00bb link=\u00a0\u00bburl:https%3A%2F%2Fhome-isolation.be%2Findex.php%2Frealisations%2F||target:%20_blank|\u00a0\u00bb]\n    <section class=\"roof-works  roof-portfolio-69d4d2c47383a\">\n          <ul class=\"nav navbar-nav filters-nav slick-filter-nav  roof-portfolio-69d4d2c47383a\">\n\t\t\t<li><a href=\"javascript:void(0);\" class=\"active\" id=\"all\">All Projects<\/a><\/li>\n    <li><a href=\"javascript:void(0);\" id=\"bardage\">Bardage<\/a><\/li><li><a href=\"javascript:void(0);\" id=\"charpente\">Charpente<\/a><\/li><li><a href=\"javascript:void(0);\" id=\"plate-forme\">Plate-forme<\/a><\/li><li><a href=\"javascript:void(0);\" id=\"toiture\">Toiture<\/a><\/li>\t\t<\/ul>\n        <div class=\"slick-horizontal   \"   data-items=\"5\"  data-dots=\"true\" data-arrow=\"true\"     >\n    \n      <div class=\"item filter-all filter-bardage   roof-portfolio-69d4d2c47383a\">\n      <div class=\"work-list\">\n        <div class=\"roof-picture\"><img decoding=\"async\" src=\"https:\/\/www.home-isolation.be\/wp-content\/uploads\/2017\/06\/Chataigneraie-Marchin-2-384x350.png\" alt=\"Marchin &#8211; Rue de la Chataignerie, 4\"><\/div>\n        <div class=\"work-info\">\n          <div class=\"roof-table-container\">\n            <div class=\"roof-align-container\">\n              <h5 class=\"work-title\">Marchin &#8211; Rue de la Chataignerie, 4<\/h5>\n              <div class=\"view-more\"><a href=\"https:\/\/www.home-isolation.be\/index.php\/portfolio\/chataigneraie\/\" class=\"roof-btn roof-btn-small\">View Details<\/a><\/div>\n            <\/div>\n          <\/div>\n        <\/div>\n      <\/div>\n    <\/div>\n\n    \n      <div class=\"item filter-all filter-charpente filter-toiture   roof-portfolio-69d4d2c47383a\">\n      <div class=\"work-list\">\n        <div class=\"roof-picture\"><img decoding=\"async\" src=\"https:\/\/www.home-isolation.be\/wp-content\/uploads\/2017\/06\/Stre\u0301e-Lez-huy-Chausse\u0301e-de-Lie\u0300ge4-384x350.png\" alt=\"Str\u00e9e-Lez-Huy &#8211; Chauss\u00e9e de Li\u00e8ge\"><\/div>\n        <div class=\"work-info\">\n          <div class=\"roof-table-container\">\n            <div class=\"roof-align-container\">\n              <h5 class=\"work-title\">Str\u00e9e-Lez-Huy &#8211; Chauss\u00e9e de Li\u00e8ge<\/h5>\n              <div class=\"view-more\"><a href=\"https:\/\/www.home-isolation.be\/index.php\/portfolio\/chausseedeliege\/\" class=\"roof-btn roof-btn-small\">View Details<\/a><\/div>\n            <\/div>\n          <\/div>\n        <\/div>\n      <\/div>\n    <\/div>\n\n    \n      <div class=\"item filter-all filter-toiture   roof-portfolio-69d4d2c47383a\">\n      <div class=\"work-list\">\n        <div class=\"roof-picture\"><img decoding=\"async\" src=\"https:\/\/www.home-isolation.be\/wp-content\/uploads\/2017\/06\/Fourneau-Marchin-384x350.png\" alt=\"Marchin &#8211; Rue Fourneau 85\"><\/div>\n        <div class=\"work-info\">\n          <div class=\"roof-table-container\">\n            <div class=\"roof-align-container\">\n              <h5 class=\"work-title\">Marchin &#8211; Rue Fourneau 85<\/h5>\n              <div class=\"view-more\"><a href=\"https:\/\/www.home-isolation.be\/index.php\/portfolio\/fourneau85\/\" class=\"roof-btn roof-btn-small\">View Details<\/a><\/div>\n            <\/div>\n          <\/div>\n        <\/div>\n      <\/div>\n    <\/div>\n\n    \n      <div class=\"item filter-all filter-toiture   roof-portfolio-69d4d2c47383a\">\n      <div class=\"work-list\">\n        <div class=\"roof-picture\"><img decoding=\"async\" src=\"https:\/\/www.home-isolation.be\/wp-content\/uploads\/2018\/04\/Fourneau-83b-Marchin-384x350.png\" alt=\"Marchin &#8211; Rue Fourneau 83b\"><\/div>\n        <div class=\"work-info\">\n          <div class=\"roof-table-container\">\n            <div class=\"roof-align-container\">\n              <h5 class=\"work-title\">Marchin &#8211; Rue Fourneau 83b<\/h5>\n              <div class=\"view-more\"><a href=\"https:\/\/www.home-isolation.be\/index.php\/portfolio\/fourneau83b\/\" class=\"roof-btn roof-btn-small\">View Details<\/a><\/div>\n            <\/div>\n          <\/div>\n        <\/div>\n      <\/div>\n    <\/div>\n\n    \n      <div class=\"item filter-all filter-plate-forme   roof-portfolio-69d4d2c47383a\">\n      <div class=\"work-list\">\n        <div class=\"roof-picture\"><img decoding=\"async\" src=\"https:\/\/www.home-isolation.be\/wp-content\/uploads\/2018\/04\/Domaine-des-Masures-Pepinster3-384x350.png\" alt=\"Pepinster &#8211; Domaine des Mazures\"><\/div>\n        <div class=\"work-info\">\n          <div class=\"roof-table-container\">\n            <div class=\"roof-align-container\">\n              <h5 class=\"work-title\">Pepinster &#8211; Domaine des Mazures<\/h5>\n              <div class=\"view-more\"><a href=\"https:\/\/www.home-isolation.be\/index.php\/portfolio\/pepinster-domaine-des-mazures\/\" class=\"roof-btn roof-btn-small\">View Details<\/a><\/div>\n            <\/div>\n          <\/div>\n        <\/div>\n      <\/div>\n    <\/div>\n\n    \n    <\/div>\n        <\/section>\n    <!-- Portfolio End -->\n\n    [\/vc_column][\/vc_row][vc_row overlay_dotted=\u00a0\u00bb\u00a0\u00bb css=\u00a0\u00bb.vc_custom_1497425456750{padding-top: 92px !important;padding-bottom: 54px !important;}\u00a0\u00bb][vc_column width=\u00a0\u00bb7\/12&Prime; css=\u00a0\u00bb.vc_custom_1497425468600{padding-top: 0px !important;padding-bottom: 0px !important;}\u00a0\u00bb][vc_custom_heading text=\u00a0\u00bbQui Sommes-nous?\u00a0\u00bb font_container=\u00a0\u00bbtag:h2|font_size:26|text_align:left|color:%23232323&Prime; google_fonts=\u00a0\u00bbfont_family:Raleway%3A100%2C200%2C300%2Cregular%2C500%2C600%2C700%2C800%2C900|font_style:700%20bold%20regular%3A700%3Anormal\u00a0\u00bb css=\u00a0\u00bb.vc_custom_1522790640540{padding-bottom: 30px !important;}\u00a0\u00bb]<div class=\"about-wrap about-one about-69d4d2c479389 \"><div class=\"roof-picture\"><img decoding=\"async\" src=\"https:\/\/www.home-isolation.be\/wp-content\/uploads\/2018\/04\/Logoseul-1-e1523395201337.png\" alt=\"Author\"><\/div><div class=\"about-info \"><h3>Home Isolation <\/h3><p>Cr\u00e9\u00e9e en septembre 2015, Home Isolation SPRL est une soci\u00e9t\u00e9 de construction sp\u00e9cialis\u00e9e en toiture et \u00e9tanch\u00e9it\u00e9. Elle est le fruit de la collaboration entre un couvreur qui poss\u00e8de une exp\u00e9rience de plus de 10 ans et un commercial passionn\u00e9. Vous b\u00e9n\u00e9ficiez donc, \u00e0 chaque stade de la n\u00e9gociation, le conseil d\u2019un expert, professionnel dans son domaine d\u2019activit\u00e9.<\/p>\n<ul class=\"simple-fix \"><li><\/li>\n<\/ul>\n<\/div><\/div>[\/vc_column][vc_column width=\u00a0\u00bb5\/12&Prime; css=\u00a0\u00bb.vc_custom_1497873393181{padding-top: 0px !important;padding-right: 15px !important;padding-bottom: 0px !important;padding-left: 15px !important;}\u00a0\u00bb][vc_custom_heading text=\u00a0\u00bbNos engagements\u00a0\u00bb font_container=\u00a0\u00bbtag:h2|font_size:26|text_align:left|color:%23232323&Prime; google_fonts=\u00a0\u00bbfont_family:Raleway%3A100%2C200%2C300%2Cregular%2C500%2C600%2C700%2C800%2C900|font_style:700%20bold%20regular%3A700%3Anormal\u00a0\u00bb css=\u00a0\u00bb.vc_custom_1522791043349{padding-bottom: 30px !important;}\u00a0\u00bb]<div class=\"benefit-item benefit-border  benefit-item-69d4d2c47982b \"><div class=\"roof-icon\"><img decoding=\"async\" src=\"https:\/\/www.home-isolation.be\/wp-content\/uploads\/2017\/01\/icon-one-1.png\" alt=\"\"><\/div><div class=\"benefit-info\"><h5>DISPONIBILITE<\/h5>\n<p>Les membres de notre \u00e9quipe, chacun sp\u00e9cialis\u00e9s dans leur secteur d\u2019activit\u00e9, sont \u00e0 votre \u00e9coute afin de trouver une solution personnalis\u00e9e \u00e0 vos attentes.<\/p>\n<\/div><\/div><div class=\"benefit-item benefit-border  benefit-item-69d4d2c479c03 \"><div class=\"roof-icon\"><img decoding=\"async\" src=\"https:\/\/www.home-isolation.be\/wp-content\/uploads\/2017\/01\/icon-one-1.png\" alt=\"\"><\/div><div class=\"benefit-info\"><h5>PROFESSIONNALISME<\/h5>\n<p>Nous s\u00e9lectionnons pour vous les fournisseurs les plus comp\u00e9titifs, au niveau de la qualit\u00e9, de la performance \u00e9nerg\u00e9tique mais aussi de l\u2019impact environnemental. \u00a0Notre ambition est de satisfaire \u00e0 vos exigences en terme de co\u00fbts et de d\u00e9lais.<\/p>\n<\/div><\/div><div class=\"benefit-item benefit-border  benefit-item-69d4d2c479c60 \"><div class=\"roof-icon\"><img decoding=\"async\" src=\"https:\/\/www.home-isolation.be\/wp-content\/uploads\/2017\/01\/icon-one-1.png\" alt=\"\"><\/div><div class=\"benefit-info\"><h5>ENGAGEMENT DE QUALITE<\/h5>\n<p>Notre soci\u00e9t\u00e9 s\u2019efforce de proposer \u00e0 ses clients un service de qualit\u00e9s sup\u00e9rieures avec un engagement de respect des nouvelles normes en mati\u00e8re d\u2019isolation des nouveaux b\u00e2timents pour les nouvelles constructions et un engagement de qualit\u00e9 au niveau de l\u2019isolation thermique pour votre bien \u00e0 r\u00e9nover.<\/p>\n<\/div><\/div>[\/vc_column][\/vc_row][vc_row full_width=\u00a0\u00bbstretch_row\u00a0\u00bb parallax=\u00a0\u00bbcontent-moving\u00a0\u00bb parallax_image=\u00a0\u00bb1990&Prime; overlay_dotted=\u00a0\u00bb\u00a0\u00bb css=\u00a0\u00bb.vc_custom_1505362318448{padding-top: 122px !important;padding-bottom: 127px !important;}\u00a0\u00bb overlay_color=\u00a0\u00bbrgba(10,10,10,0.55)\u00a0\u00bb][vc_column]<div class=\"col-md-6 container  parallax-69d4d2c479c8b  \"><h5 class=\"quote-sub-title\">PARTENAIRES<\/h5><h2 class=\"quote-title\">Nous choisissons pour vous les meilleurs mat\u00e9riaux.<\/h2><\/div>[\/vc_column][\/vc_row][vc_row full_width=\u00a0\u00bbstretch_row\u00a0\u00bb overlay_dotted=\u00a0\u00bb\u00a0\u00bb css=\u00a0\u00bb.vc_custom_1498198801871{padding-bottom: 40px !important;background-color: #f7f7f7 !important;}\u00a0\u00bb][vc_column css_animation=\u00a0\u00bbbounceIn\u00a0\u00bb css=\u00a0\u00bb.vc_custom_1524002474399{padding-top: 0px !important;}\u00a0\u00bb]<div class=\"roof-partners\"><div class=\"roof-carousel\"\n           data-loop=\"false\" data-dots=\"true\" data-nav=\"true\" data-items=\"5\" data-margin=\"3\" data-autoplay=\"true\" data-animateout=\"true\" data-auto-width=\"true\" data-auto-height=\"true\" data-items-tablet=\"5\" data-items-mobile-landscape=\"3\" data-items-mobile-portrait=\"2\"><div class=\"item\"><div class=\"roof-picture\"><a href=\"www.eternit.be\" target=\"_blank\"><img decoding=\"async\" src=\"https:\/\/www.home-isolation.be\/wp-content\/uploads\/2018\/04\/Eternit_logo-e1524002076426.png\" alt=\"\"><\/a><\/div><\/div><div class=\"item\"><div class=\"roof-picture\"><a href=\"https:\/\/www.wienerberger.be\/fr\/toiture\" target=\"_blank\"><img decoding=\"async\" src=\"https:\/\/www.home-isolation.be\/wp-content\/uploads\/2018\/04\/Koramic_logo-e1524002159994.png\" alt=\"\"><\/a><\/div><\/div><div class=\"item\"><div class=\"roof-picture\"><a href=\"http:\/\/www.unilininsulation.com\/be-fr\" target=\"_blank\"><img decoding=\"async\" src=\"https:\/\/www.home-isolation.be\/wp-content\/uploads\/2018\/04\/Unilin-e1524002262521.png\" alt=\"\"><\/a><\/div><\/div><div class=\"item\"><div class=\"roof-picture\"><a href=\"http:\/\/www.vmzinc.be\/fr\" target=\"_blank\"><img decoding=\"async\" src=\"https:\/\/www.home-isolation.be\/wp-content\/uploads\/2018\/04\/VMZinc_logo-e1524002350303.png\" alt=\"\"><\/a><\/div><\/div><div class=\"item\"><div class=\"roof-picture\"><a href=\"www.knauf.be\" target=\"_blank\"><img decoding=\"async\" src=\"https:\/\/www.home-isolation.be\/wp-content\/uploads\/2018\/04\/Knauf-e1524000770216.png\" alt=\"\"><\/a><\/div><\/div><\/div><\/div>[\/vc_column][\/vc_row][vc_row full_width=\u00a0\u00bbstretch_row_content_no_spaces\u00a0\u00bb overlay_dotted=\u00a0\u00bb\u00a0\u00bb css=\u00a0\u00bb.vc_custom_1497871661546{margin-right: 0px !important;padding-right: 0px !important;padding-left: 0px !important;background-position: center !important;background-repeat: no-repeat !important;background-size: cover !important;}\u00a0\u00bb][vc_column css=\u00a0\u00bb.vc_custom_1497871651403{margin-top: 0px !important;margin-right: 0px !important;margin-bottom: 0px !important;border-top-width: 0px !important;border-right-width: 0px !important;border-bottom-width: 0px !important;border-left-width: 0px !important;padding-top: 0px !important;padding-right: 0px !important;padding-bottom: 0px !important;padding-left: 0px !important;}\u00a0\u00bb]<div class=\"roof-emergency roof-parallax\"><div class=\"container\"><div class=\"row\"><div class=\"col-md-6\"><div class=\"roof-picture\"><img decoding=\"async\" src=\"https:\/\/www.home-isolation.be\/wp-content\/uploads\/2017\/01\/service-1.png\" alt=\"\"><\/div><div class=\"emergency-wrap\"><h3 class=\"emergency-title\">Besoin d'une intervention?<\/h3><h5 class=\"emergency-sub-title\">D'un d\u00e9pannage urgent ?<\/h5><\/div><\/div><div class=\"col-md-3\"><div class=\"emergency-number\"><div class=\"pull-left\"><h5 class=\"emergency-sub-title\">Appelez-nous au<\/h5><h3 class=\"emergency-title\"><a href=\"tel:0496890727\">0496 890 727<\/a><\/h3><\/div><\/div><\/div><div class=\"pull-right  vc_custom_1523397142702 roof-btn-69d4d2c47b485 \"><a href=\"https:\/\/home-isolation.be\/index.php\/contact\/\"  target=\"_blank\" class=\"roof-btn \">Nous contacter<\/a><\/div><\/div><\/div><\/div>[\/vc_column][\/vc_row]<\/p>\n","protected":false},"excerpt":{"rendered":"[vc_row full_width=\u00a0\u00bbstretch_row_content_no_spaces\u00a0\u00bb overlay_dotted=\u00a0\u00bb\u00a0\u00bb][vc_column][rev_slider_vc alias=\u00a0\u00bbslider-three\u00a0\u00bb][\/vc_column][\/vc_row][vc_row][vc_column text_alignment=\u00a0\u00bbtext-center\u00a0\u00bb][vc_custom_heading text=\u00a0\u00bbNos Services\u00a0\u00bb font_container=\u00a0\u00bbtag:h2|font_size:30|text_align:center|color:%23000000|line_height:4&Prime; google_fonts=\u00a0\u00bbfont_family:Raleway%3A100%2C200%2C300%2Cregular%2C500%2C600%2C700%2C800%2C900|font_style:700%20bold%20regular%3A700%3Anormal\u00a0\u00bb][\/vc_column][\/vc_row][vc_row][vc_column width=\u00a0\u00bb1\/3&Prime;][\/vc_column][vc_column width=\u00a0\u00bb1\/3&Prime;][\/vc_column][vc_column width=\u00a0\u00bb1\/3&Prime;][\/vc_column][\/vc_row][vc_row full_width=\u00a0\u00bbstretch_row_content_no_spaces\u00a0\u00bb overlay_dotted=\u00a0\u00bb\u00a0\u00bb css=\u00a0\u00bb.vc_custom_1498111303974{padding-top: 70px !important;padding-bottom: 40px !important;background-color: #2a2f35 !important;}\u00a0\u00bb][vc_column css=\u00a0\u00bb.vc_custom_1525041626350{padding-top: 0px !important;padding-bottom: 0px !important;}\u00a0\u00bb][vc_custom_heading text=\u00a0\u00bbNos r\u00e9alisations\u00a0\u00bb font_container=\u00a0\u00bbtag:h2|font_size:30px|text_align:center|color:%23ffffff\u00a0\u00bb google_fonts=\u00a0\u00bbfont_family:Raleway%3A100%2C200%2C300%2Cregular%2C500%2C600%2C700%2C800%2C900|font_style:700%20bold%20regular%3A700%3Anormal\u00a0\u00bb link=\u00a0\u00bburl:https%3A%2F%2Fhome-isolation.be%2Findex.php%2Frealisations%2F||target:%20_blank|\u00a0\u00bb][\/vc_column][\/vc_row][vc_row overlay_dotted=\u00a0\u00bb\u00a0\u00bb css=\u00a0\u00bb.vc_custom_1497425456750{padding-top: 92px !important;padding-bottom: 54px !important;}\u00a0\u00bb][vc_column width=\u00a0\u00bb7\/12&Prime; css=\u00a0\u00bb.vc_custom_1497425468600{padding-top: 0px !important;padding-bottom: 0px !important;}\u00a0\u00bb][vc_custom_heading text=\u00a0\u00bbQui Sommes-nous?\u00a0\u00bb font_container=\u00a0\u00bbtag:h2|font_size:26|text_align:left|color:%23232323&Prime; google_fonts=\u00a0\u00bbfont_family:Raleway%3A100%2C200%2C300%2Cregular%2C500%2C600%2C700%2C800%2C900|font_style:700%20bold%20regular%3A700%3Anormal\u00a0\u00bb css=\u00a0\u00bb.vc_custom_1522790640540{padding-bottom: 30px !important;}\u00a0\u00bb][\/vc_column][vc_column width=\u00a0\u00bb5\/12&Prime; css=\u00a0\u00bb.vc_custom_1497873393181{padding-top: 0px !important;padding-right: 15px[&#8230;]","protected":false},"author":2,"featured_media":0,"parent":0,"menu_order":0,"comment_status":"closed","ping_status":"closed","template":"","meta":{"footnotes":""},"class_list":["post-217","page","type-page","status-publish","hentry"],"aioseo_notices":[],"_links":{"self":[{"href":"https:\/\/www.home-isolation.be\/index.php\/wp-json\/wp\/v2\/pages\/217"}],"collection":[{"href":"https:\/\/www.home-isolation.be\/index.php\/wp-json\/wp\/v2\/pages"}],"about":[{"href":"https:\/\/www.home-isolation.be\/index.php\/wp-json\/wp\/v2\/types\/page"}],"author":[{"embeddable":true,"href":"https:\/\/www.home-isolation.be\/index.php\/wp-json\/wp\/v2\/users\/2"}],"replies":[{"embeddable":true,"href":"https:\/\/www.home-isolation.be\/index.php\/wp-json\/wp\/v2\/comments?post=217"}],"version-history":[{"count":36,"href":"https:\/\/www.home-isolation.be\/index.php\/wp-json\/wp\/v2\/pages\/217\/revisions"}],"predecessor-version":[{"id":2334,"href":"https:\/\/www.home-isolation.be\/index.php\/wp-json\/wp\/v2\/pages\/217\/revisions\/2334"}],"wp:attachment":[{"href":"https:\/\/www.home-isolation.be\/index.php\/wp-json\/wp\/v2\/media?parent=217"}],"curies":[{"name":"wp","href":"https:\/\/api.w.org\/{rel}","templated":true}]}}